{"id":46,"date":"2015-07-11T16:08:31","date_gmt":"2015-07-11T16:08:31","guid":{"rendered":"http:\/\/reformiert.kirchechemnitz.de\/cms\/?page_id=46"},"modified":"2022-01-16T18:08:54","modified_gmt":"2022-01-16T16:08:54","slug":"gemeinde","status":"publish","type":"page","link":"https:\/\/reformiert.kirchechemnitz.de\/cms\/gemeinde\/","title":{"rendered":"reformiert"},"content":{"rendered":"<p><strong>Evangelisch-reformiert \u2013 was bedeutet das?<\/strong><\/p>\n<p>Die reformierte Kirche geht \u2013 wie auch die lutherische \u2013 auf die Reformation im 16. Jahrhundert zur\u00fcck. Ihre Wurzeln liegen in der Schweiz.<\/p>\n<p>Die Reformierten wollten das Wort Gottes als Ma\u00dfstab und Mitte kirchlichen Lebens zur Geltung bringen und vollzogen deshalb den Bruch mit der mittelalterlichen katholischen Kirche besonders konsequent: Sie gaben den traditionellen Ablauf der Messe auf und feierten ihre Gottesdienste mit Gebet, Bibellesung, Predigt und Gemeindegesang.<\/p>\n<p><a href=\"https:\/\/reformiert.kirchechemnitz.de\/cms\/wp-content\/uploads\/2015\/09\/gemeindesaal-vorn-e1442431786553.jpg\"><img loading=\"lazy\" decoding=\"async\" class=\"alignnone wp-image-51 size-medium\" style=\"float: left; margin-right: 30px;\" src=\"http:\/\/reformiert.kirchechemnitz.de\/cms\/wp-content\/uploads\/2015\/09\/gemeindesaal-vorn-e1442431786553.jpg\" alt=\"Gemeindesaal\" width=\"120\" height=\"148\" \/><\/a><\/p>\n<p><strong>&#8222;Reformierte Kirche&#8220;,<br \/>\ndas hei\u00dft erneuerte Kirche.<\/strong><\/p>\n<p>Reformierte Kirchen zeichnen sich durch n\u00fcchterne Sachlichkeit aus. Es gibt keine Alt\u00e4re, keine Kruzifixe und keine Bilder. Die Gottesdienste haben eine einfache Ordnung, in deren Mittelpunkt die Predigt steht.<\/p>\n<p>Die Gemeinden und die Gesamtkirche werden durch Presbyterien (Kirchenr\u00e4te) und Synoden geschwisterlich geleitet. Alle Leitung liegt bei gew\u00e4hlten Mitgliedern. Auch die Pfarrerinnen und Pfarrer werden in freier Wahl von den Gemeindemitgliedern bestimmt.<\/p>\n<p>Als Bekenntnisschriften gelten neben den altkirchlichen Bekenntnissen der Heidelberger Katechismus von 1563 und die Barmer Theologische Erkl\u00e4rung von 1934.<\/p>\n<p><a href=\"https:\/\/reformiert.kirchechemnitz.de\/cms\/wp-content\/uploads\/2015\/05\/zwingli.jpg\"><img loading=\"lazy\" decoding=\"async\" class=\"alignnone wp-image-51 size-medium\" style=\"float: left; margin-right: 30px;\" src=\"http:\/\/reformiert.kirchechemnitz.de\/cms\/wp-content\/uploads\/2015\/05\/zwingli.jpg\" alt=\"Zwingli\" width=\"120\" height=\"148\" \/><\/a> <strong>Ein Blick in die Geschichte<\/strong><\/p>\n<p>Die reformierte Kirche ist nicht das Werk eines einzelnen. Unter ihren vielen V\u00e4tern ragen zwei hervor:<\/p>\n<p>Ulrich Zwingli (1484-1531), der Reformator von Z\u00fcrich und der deutschsprachigen Schweiz,<\/p>\n<p><a href=\"https:\/\/reformiert.kirchechemnitz.de\/cms\/wp-content\/uploads\/2015\/05\/calvin.jpg\"><img loading=\"lazy\" decoding=\"async\" class=\"alignnone wp-image-51 size-medium\" style=\"float: left; margin-right: 30px;\" src=\"http:\/\/reformiert.kirchechemnitz.de\/cms\/wp-content\/uploads\/2015\/05\/calvin.jpg\" alt=\"Calvin\" width=\"120\" height=\"170\" \/><\/a> und Johannes Calvin (1509-1564), der Reformator Genfs und der franz\u00f6sischsprachigen Schweiz, der auch auf Frankreich einen gro\u00dfen Einfluss aus\u00fcbte.<\/p>\n<p>Ende des 17. Jahrhunderts wurden die Reformierten in Frankreich, die so genannten &#8222;Hugenotten&#8220;, wegen ihres Glaubens im\u00a0Zuge der Gegenreformation hart verfolgt. Einige von ihnen konnten fl\u00fcchten und sich im Ausland eine neue Existenz aufbauen. So entstanden vor etwa 300 Jahren reformierte Gemeinden in vielen deutschen St\u00e4dten wie Dresden und Leipzig, Berlin, Hamburg, Hannover, G\u00f6ttingen, Bayreuth, N\u00fcrnberg und M\u00fcnchen.<\/p>\n<p>Reformierte Kirchen haben sich \u00fcberall in Europa und \u00dcbersee ausgebreitet. Der Weltgemeinschaft Reformierter Kirchen geh\u00f6ren heute\u00a0230 Kirchen mit\u00a0insgesamt 80 Millionen Mitgliedern\u00a0in \u00fcber 100\u00a0L\u00e4ndern an.<\/p>\n","protected":false},"excerpt":{"rendered":"<p>Evangelisch-reformiert \u2013 was bedeutet das? Die reformierte Kirche geht \u2013 wie auch die lutherische \u2013 auf die Reformation im 16. Jahrhundert zur\u00fcck. Ihre Wurzeln liegen in der Schweiz. Die Reformierten wollten das Wort Gottes als Ma\u00dfstab und Mitte kirchlichen Lebens zur Geltung bringen und vollzogen deshalb den Bruch mit der mittelalterlichen katholischen Kirche besonders konsequent: &#8230; <span class=\"more\"><a class=\"more-link\" href=\"https:\/\/reformiert.kirchechemnitz.de\/cms\/gemeinde\/\">[weiterlesen&#8230;]<\/a><\/span><\/p>\n","protected":false},"author":2,"featured_media":0,"parent":0,"menu_order":0,"comment_status":"open","ping_status":"open","template":"","meta":{"footnotes":""},"class_list":["entry","page","publish","author-joerg","post-46"],"_links":{"self":[{"href":"https:\/\/reformiert.kirchechemnitz.de\/cms\/wp-json\/wp\/v2\/pages\/46","targetHints":{"allow":["GET"]}}],"collection":[{"href":"https:\/\/reformiert.kirchechemnitz.de\/cms\/wp-json\/wp\/v2\/pages"}],"about":[{"href":"https:\/\/reformiert.kirchechemnitz.de\/cms\/wp-json\/wp\/v2\/types\/page"}],"author":[{"embeddable":true,"href":"https:\/\/reformiert.kirchechemnitz.de\/cms\/wp-json\/wp\/v2\/users\/2"}],"replies":[{"embeddable":true,"href":"https:\/\/reformiert.kirchechemnitz.de\/cms\/wp-json\/wp\/v2\/comments?post=46"}],"version-history":[{"count":24,"href":"https:\/\/reformiert.kirchechemnitz.de\/cms\/wp-json\/wp\/v2\/pages\/46\/revisions"}],"predecessor-version":[{"id":1548,"href":"https:\/\/reformiert.kirchechemnitz.de\/cms\/wp-json\/wp\/v2\/pages\/46\/revisions\/1548"}],"wp:attachment":[{"href":"https:\/\/reformiert.kirchechemnitz.de\/cms\/wp-json\/wp\/v2\/media?parent=46"}],"curies":[{"name":"wp","href":"https:\/\/api.w.org\/{rel}","templated":true}]}}